{"id":13317,"date":"2025-02-04T22:35:07","date_gmt":"2025-02-04T21:35:07","guid":{"rendered":"https:\/\/www.swissvoicetour.ch\/?page_id=13317"},"modified":"2026-04-01T15:46:45","modified_gmt":"2026-04-01T13:46:45","slug":"vantaggi","status":"publish","type":"page","link":"https:\/\/www.swissvoicetour.ch\/it\/vantaggi\/","title":{"rendered":"Vantaggi"},"content":{"rendered":"\n<style type=\"text\/css\" data-created_by=\"avia_inline_auto\" id=\"style-css-av-5fo48xx-c48d587d17e9663c51e60dfff0b5c0db\">\n.avia-section.av-5fo48xx-c48d587d17e9663c51e60dfff0b5c0db{\nbackground-color:#cca047;\nbackground-image:unset;\n}\n<\/style>\n<div id='av_section_1'  class='avia-section av-5fo48xx-c48d587d17e9663c51e60dfff0b5c0db main_color avia-section-default avia-no-border-styling  avia-builder-el-0  el_before_av_section  avia-builder-el-first  titre-page avia-bg-style-scroll container_wrap fullsize'  ><div class='container av-section-cont-open' ><main  role=\"main\" itemprop=\"mainContentOfPage\"  class='template-page content  av-content-full alpha units'><div class='post-entry post-entry-type-page post-entry-13317'><div class='entry-content-wrapper clearfix'>\n\n<style type=\"text\/css\" data-created_by=\"avia_inline_auto\" id=\"style-css-av-m6r0c2j6-fb91e0d3320b587cafe571cdc39b3bec\">\n#top .av-special-heading.av-m6r0c2j6-fb91e0d3320b587cafe571cdc39b3bec{\npadding-bottom:10px;\ncolor:#000000;\n}\nbody .av-special-heading.av-m6r0c2j6-fb91e0d3320b587cafe571cdc39b3bec .av-special-heading-tag .heading-char{\nfont-size:25px;\n}\n.av-special-heading.av-m6r0c2j6-fb91e0d3320b587cafe571cdc39b3bec .special-heading-inner-border{\nborder-color:#000000;\n}\n.av-special-heading.av-m6r0c2j6-fb91e0d3320b587cafe571cdc39b3bec .av-subheading{\nfont-size:15px;\n}\n<\/style>\n<div  class='av-special-heading av-m6r0c2j6-fb91e0d3320b587cafe571cdc39b3bec av-special-heading-h1 custom-color-heading blockquote modern-quote  avia-builder-el-1  avia-builder-el-no-sibling '><h1 class='av-special-heading-tag '  itemprop=\"headline\"  >10 motivi per partecipare<\/h1><div class=\"special-heading-border\"><div class=\"special-heading-inner-border\"><\/div><\/div><\/div>\n\n<\/div><\/div><\/main><!-- close content main element --><\/div><\/div><div id='av_section_2'  class='avia-section av-51c603p-196af94246f8ef1912b6a2d21a0d6513 main_color avia-section-default avia-no-border-styling  avia-builder-el-2  el_after_av_section  el_before_av_section  avia-bg-style-scroll container_wrap fullsize'  ><div class='container av-section-cont-open' ><div class='template-page content  av-content-full alpha units'><div class='post-entry post-entry-type-page post-entry-13317'><div class='entry-content-wrapper clearfix'>\n<div  class='flex_column av-4b3wio5-396e76cc98bbabaf6990e39f5819193b av_one_half  avia-builder-el-3  el_before_av_one_half  avia-builder-el-first  first flex_column_div  '     ><section  class='av_textblock_section av-m6r0coxt-5273fdfd1aae3e8f637a4f3f01c0e61f '   itemscope=\"itemscope\" itemtype=\"https:\/\/schema.org\/CreativeWork\" ><div class='avia_textblock'  itemprop=\"text\" ><h2>1. Feedback da parte di professionisti<\/h2>\n<p>Ottenete un feedback da professionisti della musica per migliorare le vostre capacit\u00e0 vocali e le vostre performance sul palco.<\/p>\n<h2>2. Un buono acquisto da 200 franchi svizzeri<\/h2>\n<p>Vincete la finale di un centro commerciale e tornate a casa con un buono regalo del valore di 200 franchi.<\/p>\n<h2>3. Un coaching esclusivo<\/h2>\n<p>Come finalista, beneficerete di un coaching esclusivo da parte di un direttore artistico, accompagnato da una big band e da lezioni di danza.<\/p>\n<h2>4. Una location d&#8217;eccezione vi aspetta per la Grande Finale<\/h2>\n<p>La finale si svolger\u00e0 il 20 febbraio 2027 presso il famoso Th\u00e9\u00e2tre de Beaulieu di Losanna, con un pubblico di oltre 1.600 persone.<\/p>\n<h2>5. Una finale accompagnata da star della musica<\/h2>\n<p>Immaginate di esibirvi davanti a una giuria d&#8217;eccezione che comprende Jermaine Jackson, Vitaa, Black M, Alvaro Soler, Claudio Cap\u00e9o e molti altri!<\/p>\n<\/div><\/section><\/div><div  class='flex_column av-43hfosl-95f26724ddb26d944364bf976efe0210 av_one_half  avia-builder-el-5  el_after_av_one_half  avia-builder-el-last  flex_column_div  '     ><section  class='av_textblock_section av-m6r0dlb3-f995bf3962e0ad069ba7a617ec083baf '   itemscope=\"itemscope\" itemtype=\"https:\/\/schema.org\/CreativeWork\" ><div class='avia_textblock'  itemprop=\"text\" ><h2>6. Un premio eccezionale<\/h2>\n<p>Hai l&#8217;opportunit\u00e0 di registrare il tuo singolo e videoclip in prestigiosi studi professionali, oltre alla possibilit\u00e0 di cantare sul Riverstage del Venoge Festival nell&#8217;agosto 2027. La tua carriera svolta pagina!<\/p>\n<h2>7. Oltre 100.000 spettatori in tutta la Svizzera<\/h2>\n<p>100.000 spettatori guarderanno la vostra esibizione dal loro divano grazie alla trasmissione in diretta.<\/p>\n<h2>8. Esposizione mediatica e interviste<\/h2>\n<p>I finalisti avranno la possibilit\u00e0 di essere intervistati da stampa, radio, televisione e social network. L&#8217;occasione perfetta per farsi notare!<\/p>\n<h2>9. Una porta d&#8217;accesso al mondo della musica<\/h2>\n<p>Superate le vostre paure ed entrate nel mondo dei professionisti della musica esibendovi di fronte ad artisti e produttori famosi!<\/p>\n<h2>10. Un&#8217;esperienza indimenticabile<\/h2>\n<p>Emozioni, brividi, stelle negli occhi e tanti ricordi da raccontare! \u00c8 pi\u00f9 di un concorso, \u00e8 un&#8217;avventura per tutta la famiglia!<\/p>\n<\/div><\/section><\/div><\/div><\/div><\/div><!-- close content main div --><\/div><\/div>\n<style type=\"text\/css\" data-created_by=\"avia_inline_auto\" id=\"style-css-av-3dbjxs5-329efa2cbda8a7bca945e8497d157539\">\n.avia-section.av-3dbjxs5-329efa2cbda8a7bca945e8497d157539{\nbackground-repeat:no-repeat;\nbackground-image:url(https:\/\/www.swissvoicetour.ch\/wp-content\/uploads\/2020\/03\/bg_partenaires.jpg);\nbackground-position:50% 0%;\nbackground-attachment:scroll;\n}\n<\/style>\n<div id='av_section_3'  class='avia-section av-3dbjxs5-329efa2cbda8a7bca945e8497d157539 main_color avia-section-default avia-no-border-styling  avia-builder-el-7  el_after_av_section  avia-builder-el-last  avia-full-stretch avia-bg-style-scroll av-minimum-height av-minimum-height-25 av-height-25  container_wrap fullsize'  data-section-bg-repeat='stretch' data-av_minimum_height_pc='25' data-av_min_height_opt='25'><div class='container av-section-cont-open' ><div class='template-page content  av-content-full alpha units'><div class='post-entry post-entry-type-page post-entry-13317'><div class='entry-content-wrapper clearfix'>\n\n<style type=\"text\/css\" data-created_by=\"avia_inline_auto\" id=\"style-css-av-2zhiu91-b149a5db8777cf757bec20e1fa19757c\">\n.flex_column.av-2zhiu91-b149a5db8777cf757bec20e1fa19757c{\npadding:0px 0px 0px 0px;\n}\n<\/style>\n<div  class='flex_column av-2zhiu91-b149a5db8777cf757bec20e1fa19757c av_one_full  avia-builder-el-8  el_before_av_hr  avia-builder-el-first  first flex_column_div av-zero-column-padding  '     ><style type=\"text\/css\" data-created_by=\"avia_inline_auto\" id=\"style-css-av-m6r0dz1o-958ee3ed23718843ce19e0b032054098\">\n#top .av-special-heading.av-m6r0dz1o-958ee3ed23718843ce19e0b032054098{\npadding-bottom:10px;\n}\nbody .av-special-heading.av-m6r0dz1o-958ee3ed23718843ce19e0b032054098 .av-special-heading-tag .heading-char{\nfont-size:25px;\n}\n.av-special-heading.av-m6r0dz1o-958ee3ed23718843ce19e0b032054098 .av-subheading{\nfont-size:15px;\n}\n<\/style>\n<div  class='av-special-heading av-m6r0dz1o-958ee3ed23718843ce19e0b032054098 av-special-heading-h2 blockquote modern-quote modern-centered  avia-builder-el-9  avia-builder-el-no-sibling '><h2 class='av-special-heading-tag '  itemprop=\"headline\"  >PARTNERS<\/h2><div class=\"special-heading-border\"><div class=\"special-heading-inner-border\"><\/div><\/div><\/div><\/div>\n<style type=\"text\/css\" data-created_by=\"avia_inline_auto\" id=\"style-css-av-2etnv1h-228384d1127dfb15b1d51783677ddb66\">\n#top .hr.hr-invisible.av-2etnv1h-228384d1127dfb15b1d51783677ddb66{\nheight:30px;\n}\n<\/style>\n<div  class='hr av-2etnv1h-228384d1127dfb15b1d51783677ddb66 hr-invisible  avia-builder-el-10  el_after_av_one_full  el_before_av_one_full '><span class='hr-inner '><span class=\"hr-inner-style\"><\/span><\/span><\/div>\n\n<style type=\"text\/css\" data-created_by=\"avia_inline_auto\" id=\"style-css-av-36rda3p-50cf414393467b1a0c3e084bffe30ab9\">\n.flex_column.av-36rda3p-50cf414393467b1a0c3e084bffe30ab9{\npadding:0px 0px 0px 0px;\n}\n<\/style>\n<div  class='flex_column av-36rda3p-50cf414393467b1a0c3e084bffe30ab9 av_one_full  avia-builder-el-11  el_after_av_hr  avia-builder-el-last  first flex_column_div av-zero-column-padding  '     ><div  class='avia-logo-element-container av-2p8zisl-fc1acefbe280f4e0ba9c424d723515a9 av-border-deactivate avia-logo-grid avia-content-slider avia-smallarrow-slider avia-content-grid-active noHover avia-content-slider-even  avia-builder-el-12  avia-builder-el-no-sibling  avia-content-slider1' ><div class='avia-smallarrow-slider-heading  no-logo-slider-heading '><div class='new-special-heading'>&nbsp;<\/div><\/div><div class=\"avia-content-slider-inner\"><div class=\"slide-entry-wrap\"><div  class='slide-entry av-24ph0at-6164b7884fc090a62ba9a620c8408c70 flex_column no_margin av_one_fourth real-thumbnail post-entry slide-entry-overview slide-loop-1 slide-parity-odd  first'><img decoding=\"async\" fetchpriority=\"high\" width=\"152\" height=\"70\" src=\"https:\/\/www.swissvoicetour.ch\/wp-content\/uploads\/2026\/03\/AVLIE_black-transparent-1-scaled-e1773306189452.png\" class=\"wp-image-16814 avia-img-lazy-loading-not-16814 attachment-no scaling size-no scaling\" alt=\"\" \/><\/div><div  class='slide-entry av-1scb7ad-9e7f412181fb1eee86a99786136fda57 flex_column no_margin av_one_fourth real-thumbnail post-entry slide-entry-overview slide-loop-2 slide-parity-even  '><img decoding=\"async\" fetchpriority=\"high\" width=\"283\" height=\"92\" src=\"https:\/\/www.swissvoicetour.ch\/wp-content\/uploads\/2026\/03\/1.2-Black-horizontal-logo-e1773306093463.png\" class=\"wp-image-16817 avia-img-lazy-loading-not-16817 attachment-no scaling size-no scaling\" alt=\"\" \/><\/div><div  class='slide-entry av-1dgcsit-5185e0b8b32c7206595d6c20dd3d513a flex_column no_margin av_one_fourth real-thumbnail post-entry slide-entry-overview slide-loop-3 slide-parity-odd  '><img decoding=\"async\" fetchpriority=\"high\" width=\"281\" height=\"80\" src=\"https:\/\/www.swissvoicetour.ch\/wp-content\/uploads\/2026\/03\/CCHBC-Logo-Switzerland_Color-Horizontal-3D-Switzerland-Local-2-scaled-e1773306175728.png\" class=\"wp-image-16811 avia-img-lazy-loading-not-16811 attachment-no scaling size-no scaling\" alt=\"\" \/><\/div><div  class='slide-entry av-l594cl-b2d6b374ea54dc6a6712bdbc550060ef flex_column no_margin av_one_fourth real-thumbnail post-entry slide-entry-overview slide-loop-4 slide-parity-even post-entry-last '><img decoding=\"async\" fetchpriority=\"high\" width=\"170\" height=\"92\" src=\"https:\/\/www.swissvoicetour.ch\/wp-content\/uploads\/2020\/03\/coop-e1584622174624.png\" class=\"wp-image-3621 avia-img-lazy-loading-not-3621 attachment-no scaling size-no scaling\" alt=\"\" \/><\/div><\/div><\/div><\/div><\/div>\n<\/p>\n","protected":false},"excerpt":{"rendered":"","protected":false},"author":2,"featured_media":0,"parent":0,"menu_order":0,"comment_status":"closed","ping_status":"closed","template":"","meta":{"_acf_changed":false,"footnotes":""},"class_list":["post-13317","page","type-page","status-publish","hentry"],"acf":[],"yoast_head":"<!-- This site is optimized with the Yoast SEO plugin v27.2 - https:\/\/yoast.com\/product\/yoast-seo-wordpress\/ -->\n<title>Vantaggi - Swiss Voice Tour<\/title>\n<meta name=\"robots\" content=\"index, follow, max-snippet:-1, max-image-preview:large, max-video-preview:-1\" \/>\n<link rel=\"canonical\" href=\"https:\/\/www.swissvoicetour.ch\/it\/vantaggi\/\" \/>\n<meta property=\"og:locale\" content=\"it_IT\" \/>\n<meta property=\"og:type\" content=\"article\" \/>\n<meta property=\"og:title\" content=\"Vantaggi - Swiss Voice Tour\" \/>\n<meta property=\"og:url\" content=\"https:\/\/www.swissvoicetour.ch\/it\/vantaggi\/\" \/>\n<meta property=\"og:site_name\" content=\"Swiss Voice Tour\" \/>\n<meta property=\"article:publisher\" content=\"https:\/\/www.facebook.com\/swissvoicetour\/\" \/>\n<meta property=\"article:modified_time\" content=\"2026-04-01T13:46:45+00:00\" \/>\n<meta name=\"twitter:card\" content=\"summary_large_image\" \/>\n<meta name=\"twitter:label1\" content=\"Tempo di lettura stimato\" \/>\n\t<meta name=\"twitter:data1\" content=\"3 minuti\" \/>\n<script type=\"application\/ld+json\" class=\"yoast-schema-graph\">{\"@context\":\"https:\/\/schema.org\",\"@graph\":[{\"@type\":\"WebPage\",\"@id\":\"https:\/\/www.swissvoicetour.ch\/it\/vantaggi\/\",\"url\":\"https:\/\/www.swissvoicetour.ch\/it\/vantaggi\/\",\"name\":\"Vantaggi - Swiss Voice Tour\",\"isPartOf\":{\"@id\":\"https:\/\/www.swissvoicetour.ch\/#website\"},\"datePublished\":\"2025-02-04T21:35:07+00:00\",\"dateModified\":\"2026-04-01T13:46:45+00:00\",\"breadcrumb\":{\"@id\":\"https:\/\/www.swissvoicetour.ch\/it\/vantaggi\/#breadcrumb\"},\"inLanguage\":\"it-IT\",\"potentialAction\":[{\"@type\":\"ReadAction\",\"target\":[\"https:\/\/www.swissvoicetour.ch\/it\/vantaggi\/\"]}]},{\"@type\":\"BreadcrumbList\",\"@id\":\"https:\/\/www.swissvoicetour.ch\/it\/vantaggi\/#breadcrumb\",\"itemListElement\":[{\"@type\":\"ListItem\",\"position\":1,\"name\":\"Accueil\",\"item\":\"https:\/\/www.swissvoicetour.ch\/it\/\"},{\"@type\":\"ListItem\",\"position\":2,\"name\":\"Vantaggi\"}]},{\"@type\":\"WebSite\",\"@id\":\"https:\/\/www.swissvoicetour.ch\/#website\",\"url\":\"https:\/\/www.swissvoicetour.ch\/\",\"name\":\"Swiss Voice Tour\",\"description\":\"Benvenuti nella pagina ufficiale dello Swiss Voice Tour\",\"publisher\":{\"@id\":\"https:\/\/www.swissvoicetour.ch\/#organization\"},\"potentialAction\":[{\"@type\":\"SearchAction\",\"target\":{\"@type\":\"EntryPoint\",\"urlTemplate\":\"https:\/\/www.swissvoicetour.ch\/?s={search_term_string}\"},\"query-input\":{\"@type\":\"PropertyValueSpecification\",\"valueRequired\":true,\"valueName\":\"search_term_string\"}}],\"inLanguage\":\"it-IT\"},{\"@type\":\"Organization\",\"@id\":\"https:\/\/www.swissvoicetour.ch\/#organization\",\"name\":\"Swiss Voice Tour\",\"url\":\"https:\/\/www.swissvoicetour.ch\/\",\"logo\":{\"@type\":\"ImageObject\",\"inLanguage\":\"it-IT\",\"@id\":\"https:\/\/www.swissvoicetour.ch\/#\/schema\/logo\/image\/\",\"url\":\"https:\/\/www.swissvoicetour.ch\/wp-content\/uploads\/2024\/11\/LOGO_SVT_2025_RVB-1030x1030.png\",\"contentUrl\":\"https:\/\/www.swissvoicetour.ch\/wp-content\/uploads\/2024\/11\/LOGO_SVT_2025_RVB-1030x1030.png\",\"width\":1030,\"height\":1030,\"caption\":\"Swiss Voice Tour\"},\"image\":{\"@id\":\"https:\/\/www.swissvoicetour.ch\/#\/schema\/logo\/image\/\"},\"sameAs\":[\"https:\/\/www.facebook.com\/swissvoicetour\/\",\"https:\/\/www.instagram.com\/swissvoicetour\/\"]}]}<\/script>\n<!-- \/ Yoast SEO plugin. -->","yoast_head_json":{"title":"Vantaggi - Swiss Voice Tour","robots":{"index":"index","follow":"follow","max-snippet":"max-snippet:-1","max-image-preview":"max-image-preview:large","max-video-preview":"max-video-preview:-1"},"canonical":"https:\/\/www.swissvoicetour.ch\/it\/vantaggi\/","og_locale":"it_IT","og_type":"article","og_title":"Vantaggi - Swiss Voice Tour","og_url":"https:\/\/www.swissvoicetour.ch\/it\/vantaggi\/","og_site_name":"Swiss Voice Tour","article_publisher":"https:\/\/www.facebook.com\/swissvoicetour\/","article_modified_time":"2026-04-01T13:46:45+00:00","twitter_card":"summary_large_image","twitter_misc":{"Tempo di lettura stimato":"3 minuti"},"schema":{"@context":"https:\/\/schema.org","@graph":[{"@type":"WebPage","@id":"https:\/\/www.swissvoicetour.ch\/it\/vantaggi\/","url":"https:\/\/www.swissvoicetour.ch\/it\/vantaggi\/","name":"Vantaggi - Swiss Voice Tour","isPartOf":{"@id":"https:\/\/www.swissvoicetour.ch\/#website"},"datePublished":"2025-02-04T21:35:07+00:00","dateModified":"2026-04-01T13:46:45+00:00","breadcrumb":{"@id":"https:\/\/www.swissvoicetour.ch\/it\/vantaggi\/#breadcrumb"},"inLanguage":"it-IT","potentialAction":[{"@type":"ReadAction","target":["https:\/\/www.swissvoicetour.ch\/it\/vantaggi\/"]}]},{"@type":"BreadcrumbList","@id":"https:\/\/www.swissvoicetour.ch\/it\/vantaggi\/#breadcrumb","itemListElement":[{"@type":"ListItem","position":1,"name":"Accueil","item":"https:\/\/www.swissvoicetour.ch\/it\/"},{"@type":"ListItem","position":2,"name":"Vantaggi"}]},{"@type":"WebSite","@id":"https:\/\/www.swissvoicetour.ch\/#website","url":"https:\/\/www.swissvoicetour.ch\/","name":"Swiss Voice Tour","description":"Benvenuti nella pagina ufficiale dello Swiss Voice Tour","publisher":{"@id":"https:\/\/www.swissvoicetour.ch\/#organization"},"potentialAction":[{"@type":"SearchAction","target":{"@type":"EntryPoint","urlTemplate":"https:\/\/www.swissvoicetour.ch\/?s={search_term_string}"},"query-input":{"@type":"PropertyValueSpecification","valueRequired":true,"valueName":"search_term_string"}}],"inLanguage":"it-IT"},{"@type":"Organization","@id":"https:\/\/www.swissvoicetour.ch\/#organization","name":"Swiss Voice Tour","url":"https:\/\/www.swissvoicetour.ch\/","logo":{"@type":"ImageObject","inLanguage":"it-IT","@id":"https:\/\/www.swissvoicetour.ch\/#\/schema\/logo\/image\/","url":"https:\/\/www.swissvoicetour.ch\/wp-content\/uploads\/2024\/11\/LOGO_SVT_2025_RVB-1030x1030.png","contentUrl":"https:\/\/www.swissvoicetour.ch\/wp-content\/uploads\/2024\/11\/LOGO_SVT_2025_RVB-1030x1030.png","width":1030,"height":1030,"caption":"Swiss Voice Tour"},"image":{"@id":"https:\/\/www.swissvoicetour.ch\/#\/schema\/logo\/image\/"},"sameAs":["https:\/\/www.facebook.com\/swissvoicetour\/","https:\/\/www.instagram.com\/swissvoicetour\/"]}]}},"_links":{"self":[{"href":"https:\/\/www.swissvoicetour.ch\/it\/wp-json\/wp\/v2\/pages\/13317","targetHints":{"allow":["GET"]}}],"collection":[{"href":"https:\/\/www.swissvoicetour.ch\/it\/wp-json\/wp\/v2\/pages"}],"about":[{"href":"https:\/\/www.swissvoicetour.ch\/it\/wp-json\/wp\/v2\/types\/page"}],"author":[{"embeddable":true,"href":"https:\/\/www.swissvoicetour.ch\/it\/wp-json\/wp\/v2\/users\/2"}],"replies":[{"embeddable":true,"href":"https:\/\/www.swissvoicetour.ch\/it\/wp-json\/wp\/v2\/comments?post=13317"}],"version-history":[{"count":7,"href":"https:\/\/www.swissvoicetour.ch\/it\/wp-json\/wp\/v2\/pages\/13317\/revisions"}],"predecessor-version":[{"id":16846,"href":"https:\/\/www.swissvoicetour.ch\/it\/wp-json\/wp\/v2\/pages\/13317\/revisions\/16846"}],"wp:attachment":[{"href":"https:\/\/www.swissvoicetour.ch\/it\/wp-json\/wp\/v2\/media?parent=13317"}],"curies":[{"name":"wp","href":"https:\/\/api.w.org\/{rel}","templated":true}]}}