{"id":13313,"date":"2025-02-04T22:33:33","date_gmt":"2025-02-04T21:33:33","guid":{"rendered":"https:\/\/www.swissvoicetour.ch\/?page_id=13313"},"modified":"2026-04-01T15:45:28","modified_gmt":"2026-04-01T13:45:28","slug":"vorteile","status":"publish","type":"page","link":"https:\/\/www.swissvoicetour.ch\/de\/vorteile\/","title":{"rendered":"Vorteile"},"content":{"rendered":"\n<style type=\"text\/css\" data-created_by=\"avia_inline_auto\" id=\"style-css-av-iirmn5-cf915e04b3e5589b1b33a6ecc08ef40a\">\n.avia-section.av-iirmn5-cf915e04b3e5589b1b33a6ecc08ef40a{\nbackground-color:#cca047;\nbackground-image:unset;\n}\n<\/style>\n<div id='av_section_1'  class='avia-section av-iirmn5-cf915e04b3e5589b1b33a6ecc08ef40a main_color avia-section-default avia-no-border-styling  avia-builder-el-0  el_before_av_section  avia-builder-el-first  titre-page avia-bg-style-scroll container_wrap fullsize'  ><div class='container av-section-cont-open' ><main  role=\"main\" itemprop=\"mainContentOfPage\"  class='template-page content  av-content-full alpha units'><div class='post-entry post-entry-type-page post-entry-13313'><div class='entry-content-wrapper clearfix'>\n\n<style type=\"text\/css\" data-created_by=\"avia_inline_auto\" id=\"style-css-av-m6r097q8-0b56e2734d907f8b6233fac4a5f42108\">\n#top .av-special-heading.av-m6r097q8-0b56e2734d907f8b6233fac4a5f42108{\npadding-bottom:10px;\ncolor:#000000;\n}\nbody .av-special-heading.av-m6r097q8-0b56e2734d907f8b6233fac4a5f42108 .av-special-heading-tag .heading-char{\nfont-size:25px;\n}\n.av-special-heading.av-m6r097q8-0b56e2734d907f8b6233fac4a5f42108 .special-heading-inner-border{\nborder-color:#000000;\n}\n.av-special-heading.av-m6r097q8-0b56e2734d907f8b6233fac4a5f42108 .av-subheading{\nfont-size:15px;\n}\n<\/style>\n<div  class='av-special-heading av-m6r097q8-0b56e2734d907f8b6233fac4a5f42108 av-special-heading-h1 custom-color-heading blockquote modern-quote  avia-builder-el-1  avia-builder-el-no-sibling '><h1 class='av-special-heading-tag '  itemprop=\"headline\"  >10 Gr\u00fcnde f\u00fcr die Teilnahme<\/h1><div class=\"special-heading-border\"><div class=\"special-heading-inner-border\"><\/div><\/div><\/div>\n\n<\/div><\/div><\/main><!-- close content main element --><\/div><\/div><div id='av_section_2'  class='avia-section av-h2wrup-6c7669431687ff7a7cf9667bf2e40160 main_color avia-section-default avia-no-border-styling  avia-builder-el-2  el_after_av_section  el_before_av_section  avia-bg-style-scroll container_wrap fullsize'  ><div class='container av-section-cont-open' ><div class='template-page content  av-content-full alpha units'><div class='post-entry post-entry-type-page post-entry-13313'><div class='entry-content-wrapper clearfix'>\n<div  class='flex_column av-f7c2ox-a02024a81c025230321d5b4ddcf9a9ae av_one_half  avia-builder-el-3  el_before_av_one_half  avia-builder-el-first  first flex_column_div  '     ><section  class='av_textblock_section av-m6r0ac4j-1b69c7e3eafc50826ac49954544da201 '   itemscope=\"itemscope\" itemtype=\"https:\/\/schema.org\/CreativeWork\" ><div class='avia_textblock'  itemprop=\"text\" ><h2>1. Feedback von Profis<\/h2>\n<p>Erhalte Feedback von Musikprofis und verbessere so deine stimmlichen F\u00e4higkeiten und deine Performance auf der B\u00fchne.<\/p>\n<h2>2. Eine Geschenkkarte im Wert von CHF 200.<\/h2>\n<p>Gewinne das Finale eines Einkaufszentrums und gehe mit einem Geschenkgutschein des Zentrums im Wert von CHF 200.<\/p>\n<h2>3. Exklusive Coachings<\/h2>\n<p>Als Finalist profitierst du von exklusiven Coachings durch einen k\u00fcnstlerischen Leiter, begleitet von einem gro\u00dfen Orchester und Tanzunterricht.<\/p>\n<h2>4. Ein au\u00dfergew\u00f6hnlicher Ort erwartet dich f\u00fcr das Gro\u00dfe Finale.<\/h2>\n<p>Das Finale findet am 20. Februar 2027 im ber\u00fchmten Beaulieu-Theater in Lausanne mit \u00fcber 1600 Zuschauern statt.<\/p>\n<h2>5. Ein Finale, das von Musikstars begleitet wird.<\/h2>\n<p>Stell dir vor, vor einer au\u00dfergew\u00f6hnlichen Jury wie Jermaine Jackson, Vitaa, Black M, Alvaro Soler, Claudio Cap\u00e9o und vielen anderen auftreten zu k\u00f6nnen!<\/p>\n<\/div><\/section><\/div><div  class='flex_column av-3t8s30h-31abb9ac337eb4a23a1e55d3e77fcc03 av_one_half  avia-builder-el-5  el_after_av_one_half  avia-builder-el-last  flex_column_div  '     ><section  class='av_textblock_section av-m6r0azb7-c0e188eaaff493b8e5d17bc2e04c77f8 '   itemscope=\"itemscope\" itemtype=\"https:\/\/schema.org\/CreativeWork\" ><div class='avia_textblock'  itemprop=\"text\" ><h2>6. Ein au\u00dfergew\u00f6hnlicher Preis<\/h2>\n<p>Du hast die M\u00f6glichkeit, deine eigene Single und dein Musikvideo in renommierten professionellen Studios aufzunehmen, sowie die Chance, im August 2027 auf der Riverstage des Venoge Festivals aufzutreten. Deine Karriere nimmt eine neue Wendung!<\/p>\n<h2>7. Mehr als 100&#8217;000 Zuschauer in der ganzen Schweiz<\/h2>\n<p>100&#8217;000 Zuschauer werden deinen Auftritt dank der Live-\u00dcbertragung von der Couch aus verfolgen.<\/p>\n<h2>8. Medienpr\u00e4senz und Interviews<\/h2>\n<p>Die Finalisten haben die M\u00f6glichkeit, vermehrt Presse-, Radio- und Fernsehinterviews zu geben und soziale Netzwerke zu nutzen. Die perfekte Gelegenheit, um auf sich aufmerksam zu machen!<\/p>\n<h2>9. Ein erster Einstieg in die Musikwelt<\/h2>\n<p>\u00dcberwinde deine \u00c4ngste und betritt die Welt der Musikprofis, indem du vor anerkannten K\u00fcnstlern und Produzenten auftrittst!<\/p>\n<h2>10. Ein unvergessliches Erlebnis<\/h2>\n<p>Emotionen, G\u00e4nsehaut, Sterne in den Augen und viele Erinnerungen, von denen du erz\u00e4hlen kannst! Du erlebst mehr als einen Wettbewerb, du erlebst ein Abenteuer, das du mit deiner Familie erleben kannst!<\/p>\n<\/div><\/section><\/div><\/div><\/div><\/div><!-- close content main div --><\/div><\/div>\n<style type=\"text\/css\" data-created_by=\"avia_inline_auto\" id=\"style-css-av-3kslq1t-701b7743d3b47c692238295f6ab2f8ac\">\n.avia-section.av-3kslq1t-701b7743d3b47c692238295f6ab2f8ac{\nbackground-repeat:no-repeat;\nbackground-image:url(https:\/\/www.swissvoicetour.ch\/wp-content\/uploads\/2020\/03\/bg_partenaires.jpg);\nbackground-position:50% 0%;\nbackground-attachment:scroll;\n}\n<\/style>\n<div id='av_section_3'  class='avia-section av-3kslq1t-701b7743d3b47c692238295f6ab2f8ac main_color avia-section-default avia-no-border-styling  avia-builder-el-7  el_after_av_section  avia-builder-el-last  avia-full-stretch avia-bg-style-scroll av-minimum-height av-minimum-height-25 av-height-25  container_wrap fullsize'  data-section-bg-repeat='stretch' data-av_minimum_height_pc='25' data-av_min_height_opt='25'><div class='container av-section-cont-open' ><div class='template-page content  av-content-full alpha units'><div class='post-entry post-entry-type-page post-entry-13313'><div class='entry-content-wrapper clearfix'>\n\n<style type=\"text\/css\" data-created_by=\"avia_inline_auto\" id=\"style-css-av-alkzvl-ca1c333f536ae776ddc92faee85760c0\">\n.flex_column.av-alkzvl-ca1c333f536ae776ddc92faee85760c0{\npadding:0px 0px 0px 0px;\n}\n<\/style>\n<div  class='flex_column av-alkzvl-ca1c333f536ae776ddc92faee85760c0 av_one_full  avia-builder-el-8  el_before_av_hr  avia-builder-el-first  first flex_column_div av-zero-column-padding  '     ><style type=\"text\/css\" data-created_by=\"avia_inline_auto\" id=\"style-css-av-m6r0b5x6-4c718787d1154ba5c042a9776ee69889\">\n#top .av-special-heading.av-m6r0b5x6-4c718787d1154ba5c042a9776ee69889{\npadding-bottom:10px;\n}\nbody .av-special-heading.av-m6r0b5x6-4c718787d1154ba5c042a9776ee69889 .av-special-heading-tag .heading-char{\nfont-size:25px;\n}\n.av-special-heading.av-m6r0b5x6-4c718787d1154ba5c042a9776ee69889 .av-subheading{\nfont-size:15px;\n}\n<\/style>\n<div  class='av-special-heading av-m6r0b5x6-4c718787d1154ba5c042a9776ee69889 av-special-heading-h2 blockquote modern-quote modern-centered  avia-builder-el-9  avia-builder-el-no-sibling '><h2 class='av-special-heading-tag '  itemprop=\"headline\"  >PARTNER<\/h2><div class=\"special-heading-border\"><div class=\"special-heading-inner-border\"><\/div><\/div><\/div><\/div>\n<style type=\"text\/css\" data-created_by=\"avia_inline_auto\" id=\"style-css-av-2khc935-a2eeadc7082db150700e9cb6ac99043b\">\n#top .hr.hr-invisible.av-2khc935-a2eeadc7082db150700e9cb6ac99043b{\nheight:30px;\n}\n<\/style>\n<div  class='hr av-2khc935-a2eeadc7082db150700e9cb6ac99043b hr-invisible  avia-builder-el-10  el_after_av_one_full  el_before_av_one_full '><span class='hr-inner '><span class=\"hr-inner-style\"><\/span><\/span><\/div>\n\n<style type=\"text\/css\" data-created_by=\"avia_inline_auto\" id=\"style-css-av-2w3eu2p-f9dfa231963bc7a02f11503bbbec805d\">\n.flex_column.av-2w3eu2p-f9dfa231963bc7a02f11503bbbec805d{\npadding:0px 0px 0px 0px;\n}\n<\/style>\n<div  class='flex_column av-2w3eu2p-f9dfa231963bc7a02f11503bbbec805d av_one_full  avia-builder-el-11  el_after_av_hr  avia-builder-el-last  first flex_column_div av-zero-column-padding  '     ><div  class='avia-logo-element-container av-2hkjym9-a9155b6e7f83d2e2a06f3205b7d4f836 av-border-deactivate avia-logo-grid avia-content-slider avia-smallarrow-slider avia-content-grid-active noHover avia-content-slider-even  avia-builder-el-12  avia-builder-el-no-sibling  avia-content-slider1' ><div class='avia-smallarrow-slider-heading  no-logo-slider-heading '><div class='new-special-heading'>&nbsp;<\/div><\/div><div class=\"avia-content-slider-inner\"><div class=\"slide-entry-wrap\"><div  class='slide-entry av-22j4d35-77e6ed8de942df51aa6838f306f1de87 flex_column no_margin av_one_fourth real-thumbnail post-entry slide-entry-overview slide-loop-1 slide-parity-odd  first'><img decoding=\"async\" fetchpriority=\"high\" width=\"2560\" height=\"1176\" src=\"https:\/\/www.swissvoicetour.ch\/wp-content\/uploads\/2026\/03\/AVLIE_black-transparent-1-scaled-e1773306189452.png\" class=\"wp-image-16816 avia-img-lazy-loading-not-16816 attachment-no scaling size-no scaling\" alt=\"\" \/><\/div><div  class='slide-entry av-1l1c1dt-5bf2adda83def538b56199e18e6fd805 flex_column no_margin av_one_fourth real-thumbnail post-entry slide-entry-overview slide-loop-2 slide-parity-even  '><img decoding=\"async\" fetchpriority=\"high\" width=\"1131\" height=\"368\" src=\"https:\/\/www.swissvoicetour.ch\/wp-content\/uploads\/2026\/03\/1.2-Black-horizontal-logo-e1773306093463.png\" class=\"wp-image-16819 avia-img-lazy-loading-not-16819 attachment-no scaling size-no scaling\" alt=\"\" \/><\/div><div  class='slide-entry av-1b5ljfl-c3b43285f10e776109046831f638d84d flex_column no_margin av_one_fourth real-thumbnail post-entry slide-entry-overview slide-loop-3 slide-parity-odd  '><img decoding=\"async\" fetchpriority=\"high\" width=\"2560\" height=\"726\" src=\"https:\/\/www.swissvoicetour.ch\/wp-content\/uploads\/2026\/03\/CCHBC-Logo-Switzerland_Color-Horizontal-3D-Switzerland-Local-2-scaled-e1773306175728.png\" class=\"wp-image-16813 avia-img-lazy-loading-not-16813 attachment-no scaling size-no scaling\" alt=\"\" \/><\/div><div  class='slide-entry av-u3j23l-e693ca87f354d09351df6ce468e4cf06 flex_column no_margin av_one_fourth real-thumbnail post-entry slide-entry-overview slide-loop-4 slide-parity-even post-entry-last '><img decoding=\"async\" fetchpriority=\"high\" width=\"170\" height=\"92\" src=\"https:\/\/www.swissvoicetour.ch\/wp-content\/uploads\/2020\/03\/coop-e1584622174624.png\" class=\"wp-image-3610 avia-img-lazy-loading-not-3610 attachment-no scaling size-no scaling\" alt=\"\" \/><\/div><\/div><\/div><\/div><\/div>\n<\/p>\n","protected":false},"excerpt":{"rendered":"","protected":false},"author":2,"featured_media":0,"parent":0,"menu_order":0,"comment_status":"closed","ping_status":"closed","template":"","meta":{"_acf_changed":false,"footnotes":""},"class_list":["post-13313","page","type-page","status-publish","hentry"],"acf":[],"yoast_head":"<!-- This site is optimized with the Yoast SEO plugin v27.2 - https:\/\/yoast.com\/product\/yoast-seo-wordpress\/ -->\n<title>Vorteile - Swiss Voice Tour<\/title>\n<meta name=\"robots\" content=\"index, follow, max-snippet:-1, max-image-preview:large, max-video-preview:-1\" \/>\n<link rel=\"canonical\" href=\"https:\/\/www.swissvoicetour.ch\/de\/vorteile\/\" \/>\n<meta property=\"og:locale\" content=\"de_DE\" \/>\n<meta property=\"og:type\" content=\"article\" \/>\n<meta property=\"og:title\" content=\"Vorteile - Swiss Voice Tour\" \/>\n<meta property=\"og:url\" content=\"https:\/\/www.swissvoicetour.ch\/de\/vorteile\/\" \/>\n<meta property=\"og:site_name\" content=\"Swiss Voice Tour\" \/>\n<meta property=\"article:publisher\" content=\"https:\/\/www.facebook.com\/swissvoicetour\/\" \/>\n<meta property=\"article:modified_time\" content=\"2026-04-01T13:45:28+00:00\" \/>\n<meta name=\"twitter:card\" content=\"summary_large_image\" \/>\n<meta name=\"twitter:label1\" content=\"Gesch\u00e4tzte Lesezeit\" \/>\n\t<meta name=\"twitter:data1\" content=\"3\u00a0Minuten\" \/>\n<script type=\"application\/ld+json\" class=\"yoast-schema-graph\">{\"@context\":\"https:\/\/schema.org\",\"@graph\":[{\"@type\":\"WebPage\",\"@id\":\"https:\/\/www.swissvoicetour.ch\/de\/vorteile\/\",\"url\":\"https:\/\/www.swissvoicetour.ch\/de\/vorteile\/\",\"name\":\"Vorteile - Swiss Voice Tour\",\"isPartOf\":{\"@id\":\"https:\/\/www.swissvoicetour.ch\/#website\"},\"datePublished\":\"2025-02-04T21:33:33+00:00\",\"dateModified\":\"2026-04-01T13:45:28+00:00\",\"breadcrumb\":{\"@id\":\"https:\/\/www.swissvoicetour.ch\/de\/vorteile\/#breadcrumb\"},\"inLanguage\":\"de\",\"potentialAction\":[{\"@type\":\"ReadAction\",\"target\":[\"https:\/\/www.swissvoicetour.ch\/de\/vorteile\/\"]}]},{\"@type\":\"BreadcrumbList\",\"@id\":\"https:\/\/www.swissvoicetour.ch\/de\/vorteile\/#breadcrumb\",\"itemListElement\":[{\"@type\":\"ListItem\",\"position\":1,\"name\":\"Accueil\",\"item\":\"https:\/\/www.swissvoicetour.ch\/de\/\"},{\"@type\":\"ListItem\",\"position\":2,\"name\":\"Vorteile\"}]},{\"@type\":\"WebSite\",\"@id\":\"https:\/\/www.swissvoicetour.ch\/#website\",\"url\":\"https:\/\/www.swissvoicetour.ch\/\",\"name\":\"Swiss Voice Tour\",\"description\":\"Willkommen auf der offiziellen Seite der Swiss Voice Tour\",\"publisher\":{\"@id\":\"https:\/\/www.swissvoicetour.ch\/#organization\"},\"potentialAction\":[{\"@type\":\"SearchAction\",\"target\":{\"@type\":\"EntryPoint\",\"urlTemplate\":\"https:\/\/www.swissvoicetour.ch\/?s={search_term_string}\"},\"query-input\":{\"@type\":\"PropertyValueSpecification\",\"valueRequired\":true,\"valueName\":\"search_term_string\"}}],\"inLanguage\":\"de\"},{\"@type\":\"Organization\",\"@id\":\"https:\/\/www.swissvoicetour.ch\/#organization\",\"name\":\"Swiss Voice Tour\",\"url\":\"https:\/\/www.swissvoicetour.ch\/\",\"logo\":{\"@type\":\"ImageObject\",\"inLanguage\":\"de\",\"@id\":\"https:\/\/www.swissvoicetour.ch\/#\/schema\/logo\/image\/\",\"url\":\"https:\/\/www.swissvoicetour.ch\/wp-content\/uploads\/2024\/11\/LOGO_SVT_2025_RVB-1030x1030.png\",\"contentUrl\":\"https:\/\/www.swissvoicetour.ch\/wp-content\/uploads\/2024\/11\/LOGO_SVT_2025_RVB-1030x1030.png\",\"width\":1030,\"height\":1030,\"caption\":\"Swiss Voice Tour\"},\"image\":{\"@id\":\"https:\/\/www.swissvoicetour.ch\/#\/schema\/logo\/image\/\"},\"sameAs\":[\"https:\/\/www.facebook.com\/swissvoicetour\/\",\"https:\/\/www.instagram.com\/swissvoicetour\/\"]}]}<\/script>\n<!-- \/ Yoast SEO plugin. -->","yoast_head_json":{"title":"Vorteile - Swiss Voice Tour","robots":{"index":"index","follow":"follow","max-snippet":"max-snippet:-1","max-image-preview":"max-image-preview:large","max-video-preview":"max-video-preview:-1"},"canonical":"https:\/\/www.swissvoicetour.ch\/de\/vorteile\/","og_locale":"de_DE","og_type":"article","og_title":"Vorteile - Swiss Voice Tour","og_url":"https:\/\/www.swissvoicetour.ch\/de\/vorteile\/","og_site_name":"Swiss Voice Tour","article_publisher":"https:\/\/www.facebook.com\/swissvoicetour\/","article_modified_time":"2026-04-01T13:45:28+00:00","twitter_card":"summary_large_image","twitter_misc":{"Gesch\u00e4tzte Lesezeit":"3\u00a0Minuten"},"schema":{"@context":"https:\/\/schema.org","@graph":[{"@type":"WebPage","@id":"https:\/\/www.swissvoicetour.ch\/de\/vorteile\/","url":"https:\/\/www.swissvoicetour.ch\/de\/vorteile\/","name":"Vorteile - Swiss Voice Tour","isPartOf":{"@id":"https:\/\/www.swissvoicetour.ch\/#website"},"datePublished":"2025-02-04T21:33:33+00:00","dateModified":"2026-04-01T13:45:28+00:00","breadcrumb":{"@id":"https:\/\/www.swissvoicetour.ch\/de\/vorteile\/#breadcrumb"},"inLanguage":"de","potentialAction":[{"@type":"ReadAction","target":["https:\/\/www.swissvoicetour.ch\/de\/vorteile\/"]}]},{"@type":"BreadcrumbList","@id":"https:\/\/www.swissvoicetour.ch\/de\/vorteile\/#breadcrumb","itemListElement":[{"@type":"ListItem","position":1,"name":"Accueil","item":"https:\/\/www.swissvoicetour.ch\/de\/"},{"@type":"ListItem","position":2,"name":"Vorteile"}]},{"@type":"WebSite","@id":"https:\/\/www.swissvoicetour.ch\/#website","url":"https:\/\/www.swissvoicetour.ch\/","name":"Swiss Voice Tour","description":"Willkommen auf der offiziellen Seite der Swiss Voice Tour","publisher":{"@id":"https:\/\/www.swissvoicetour.ch\/#organization"},"potentialAction":[{"@type":"SearchAction","target":{"@type":"EntryPoint","urlTemplate":"https:\/\/www.swissvoicetour.ch\/?s={search_term_string}"},"query-input":{"@type":"PropertyValueSpecification","valueRequired":true,"valueName":"search_term_string"}}],"inLanguage":"de"},{"@type":"Organization","@id":"https:\/\/www.swissvoicetour.ch\/#organization","name":"Swiss Voice Tour","url":"https:\/\/www.swissvoicetour.ch\/","logo":{"@type":"ImageObject","inLanguage":"de","@id":"https:\/\/www.swissvoicetour.ch\/#\/schema\/logo\/image\/","url":"https:\/\/www.swissvoicetour.ch\/wp-content\/uploads\/2024\/11\/LOGO_SVT_2025_RVB-1030x1030.png","contentUrl":"https:\/\/www.swissvoicetour.ch\/wp-content\/uploads\/2024\/11\/LOGO_SVT_2025_RVB-1030x1030.png","width":1030,"height":1030,"caption":"Swiss Voice Tour"},"image":{"@id":"https:\/\/www.swissvoicetour.ch\/#\/schema\/logo\/image\/"},"sameAs":["https:\/\/www.facebook.com\/swissvoicetour\/","https:\/\/www.instagram.com\/swissvoicetour\/"]}]}},"_links":{"self":[{"href":"https:\/\/www.swissvoicetour.ch\/de\/wp-json\/wp\/v2\/pages\/13313","targetHints":{"allow":["GET"]}}],"collection":[{"href":"https:\/\/www.swissvoicetour.ch\/de\/wp-json\/wp\/v2\/pages"}],"about":[{"href":"https:\/\/www.swissvoicetour.ch\/de\/wp-json\/wp\/v2\/types\/page"}],"author":[{"embeddable":true,"href":"https:\/\/www.swissvoicetour.ch\/de\/wp-json\/wp\/v2\/users\/2"}],"replies":[{"embeddable":true,"href":"https:\/\/www.swissvoicetour.ch\/de\/wp-json\/wp\/v2\/comments?post=13313"}],"version-history":[{"count":7,"href":"https:\/\/www.swissvoicetour.ch\/de\/wp-json\/wp\/v2\/pages\/13313\/revisions"}],"predecessor-version":[{"id":17044,"href":"https:\/\/www.swissvoicetour.ch\/de\/wp-json\/wp\/v2\/pages\/13313\/revisions\/17044"}],"wp:attachment":[{"href":"https:\/\/www.swissvoicetour.ch\/de\/wp-json\/wp\/v2\/media?parent=13313"}],"curies":[{"name":"wp","href":"https:\/\/api.w.org\/{rel}","templated":true}]}}